{"id":897,"date":"2021-09-02T17:48:08","date_gmt":"2021-09-02T17:48:08","guid":{"rendered":"https:\/\/advsol.net\/?page_id=897"},"modified":"2021-09-02T17:51:21","modified_gmt":"2021-09-02T17:51:21","slug":"noticias-2","status":"publish","type":"page","link":"https:\/\/advsol.net\/?page_id=897","title":{"rendered":"Not\u00edcias"},"content":{"rendered":"\t\t<div data-elementor-type=\"wp-page\" data-elementor-id=\"897\" class=\"elementor elementor-897\">\n\t\t\t\t\t\t<div class=\"elementor-inner\">\n\t\t\t\t<div class=\"elementor-section-wrap\">\n\t\t\t\t\t\t\t\t\t<section class=\"elementor-section elementor-top-section elementor-element elementor-element-18273819 elementor-section-height-min-height elementor-section-boxed elementor-section-height-default elementor-section-items-middle\" data-id=\"18273819\" data-element_type=\"section\" data-settings=\"{&quot;background_background&quot;:&quot;gradient&quot;,&quot;shape_divider_bottom&quot;:&quot;waves&quot;}\">\n\t\t\t\t\t\t\t<div class=\"elementor-background-overlay\"><\/div>\n\t\t\t\t\t\t<div class=\"elementor-shape elementor-shape-bottom\" data-negative=\"false\">\n\t\t\t<svg xmlns=\"http:\/\/www.w3.org\/2000\/svg\" viewBox=\"0 0 1000 100\" preserveAspectRatio=\"none\">\n\t<path class=\"elementor-shape-fill\" d=\"M421.9,6.5c22.6-2.5,51.5,0.4,75.5,5.3c23.6,4.9,70.9,23.5,100.5,35.7c75.8,32.2,133.7,44.5,192.6,49.7\n\tc23.6,2.1,48.7,3.5,103.4-2.5c54.7-6,106.2-25.6,106.2-25.6V0H0v30.3c0,0,72,32.6,158.4,30.5c39.2-0.7,92.8-6.7,134-22.4\n\tc21.2-8.1,52.2-18.2,79.7-24.2C399.3,7.9,411.6,7.5,421.9,6.5z\"\/>\n<\/svg>\t\t<\/div>\n\t\t\t\t\t<div class=\"elementor-container elementor-column-gap-default\">\n\t\t\t\t\t\t\t<div class=\"elementor-row\">\n\t\t\t\t\t<div class=\"elementor-column elementor-col-100 elementor-top-column elementor-element elementor-element-46c60530\" data-id=\"46c60530\" data-element_type=\"column\">\n\t\t\t<div class=\"elementor-column-wrap elementor-element-populated\">\n\t\t\t\t\t\t\t<div class=\"elementor-widget-wrap\">\n\t\t\t\t\t\t<div class=\"elementor-element elementor-element-322cda35 elementor-widget elementor-widget-heading\" data-id=\"322cda35\" data-element_type=\"widget\" data-widget_type=\"heading.default\">\n\t\t\t\t<div class=\"elementor-widget-container\">\n\t\t\t<h1 class=\"elementor-heading-title elementor-size-default\">Not\u00edcias<\/h1>\t\t<\/div>\n\t\t\t\t<\/div>\n\t\t\t\t\t\t<\/div>\n\t\t\t\t\t<\/div>\n\t\t<\/div>\n\t\t\t\t\t\t\t\t<\/div>\n\t\t\t\t\t<\/div>\n\t\t<\/section>\n\t\t\t\t<section class=\"elementor-section elementor-top-section elementor-element elementor-element-1e139797 elementor-section-boxed elementor-section-height-default elementor-section-height-default\" data-id=\"1e139797\" data-element_type=\"section\">\n\t\t\t\t\t\t<div class=\"elementor-container elementor-column-gap-default\">\n\t\t\t\t\t\t\t<div class=\"elementor-row\">\n\t\t\t\t\t<div class=\"elementor-column elementor-col-100 elementor-top-column elementor-element elementor-element-7d844a29\" data-id=\"7d844a29\" data-element_type=\"column\">\n\t\t\t<div class=\"elementor-column-wrap elementor-element-populated\">\n\t\t\t\t\t\t\t<div class=\"elementor-widget-wrap\">\n\t\t\t\t\t\t<div class=\"elementor-element elementor-element-dd01cde elementor-grid-3 elementor-grid-tablet-2 elementor-grid-mobile-1 elementor-posts--thumbnail-top elementor-widget elementor-widget-posts\" data-id=\"dd01cde\" data-element_type=\"widget\" data-settings=\"{&quot;pagination_type&quot;:&quot;numbers&quot;,&quot;classic_columns&quot;:&quot;3&quot;,&quot;classic_columns_tablet&quot;:&quot;2&quot;,&quot;classic_columns_mobile&quot;:&quot;1&quot;,&quot;classic_row_gap&quot;:{&quot;unit&quot;:&quot;px&quot;,&quot;size&quot;:35,&quot;sizes&quot;:[]},&quot;classic_row_gap_tablet&quot;:{&quot;unit&quot;:&quot;px&quot;,&quot;size&quot;:&quot;&quot;,&quot;sizes&quot;:[]},&quot;classic_row_gap_mobile&quot;:{&quot;unit&quot;:&quot;px&quot;,&quot;size&quot;:&quot;&quot;,&quot;sizes&quot;:[]}}\" data-widget_type=\"posts.classic\">\n\t\t\t\t<div class=\"elementor-widget-container\">\n\t\t\t\t\t<div class=\"elementor-posts-container elementor-posts elementor-posts--skin-classic elementor-grid\">\n\t\t\t\t<article class=\"elementor-post elementor-grid-item post-928 post type-post status-publish format-standard has-post-thumbnail hentry category-uncategorized\">\n\t\t\t\t<a class=\"elementor-post__thumbnail__link\" href=\"https:\/\/advsol.net\/?p=928\">\n\t\t\t<div class=\"elementor-post__thumbnail\"><img decoding=\"async\" width=\"300\" height=\"268\" src=\"https:\/\/advsol.net\/wp-content\/uploads\/2021\/10\/sabrina22-300x268.jpg\" class=\"attachment-medium size-medium wp-image-941\" alt=\"\" loading=\"lazy\" srcset=\"https:\/\/advsol.net\/wp-content\/uploads\/2021\/10\/sabrina22-300x268.jpg 300w, https:\/\/advsol.net\/wp-content\/uploads\/2021\/10\/sabrina22.jpg 694w\" sizes=\"(max-width: 300px) 100vw, 300px\" \/><\/div>\n\t\t<\/a>\n\t\t\t\t<div class=\"elementor-post__text\">\n\t\t\t\t<h3 class=\"elementor-post__title\">\n\t\t\t<a href=\"https:\/\/advsol.net\/?p=928\">\n\t\t\t\tVoc\u00ea sabe a resposta para est\u00e1 pergunta?\t\t\t<\/a>\n\t\t<\/h3>\n\t\t\t\t<div class=\"elementor-post__excerpt\">\n\t\t\t<p>Sequestro de dados \u00e9 coisa s\u00e9ria e pode prejudicar muito a sua empresa! Voc\u00ea j\u00e1 parou para pensar o que faria se todos os seus<\/p>\n\t\t<\/div>\n\t\t\n\t\t<a class=\"elementor-post__read-more\" href=\"https:\/\/advsol.net\/?p=928\">\n\t\t\tLeia a not\u00edcia\t\t<\/a>\n\n\t\t\t\t<\/div>\n\t\t\t\t<\/article>\n\t\t\t\t<article class=\"elementor-post elementor-grid-item post-924 post type-post status-publish format-standard has-post-thumbnail hentry category-uncategorized\">\n\t\t\t\t<a class=\"elementor-post__thumbnail__link\" href=\"https:\/\/advsol.net\/?p=924\">\n\t\t\t<div class=\"elementor-post__thumbnail\"><img decoding=\"async\" width=\"300\" height=\"180\" src=\"https:\/\/advsol.net\/wp-content\/uploads\/2021\/09\/1609-300x180.jpg\" class=\"attachment-medium size-medium wp-image-925\" alt=\"\" loading=\"lazy\" srcset=\"https:\/\/advsol.net\/wp-content\/uploads\/2021\/09\/1609-300x180.jpg 300w, https:\/\/advsol.net\/wp-content\/uploads\/2021\/09\/1609.jpg 698w\" sizes=\"(max-width: 300px) 100vw, 300px\" \/><\/div>\n\t\t<\/a>\n\t\t\t\t<div class=\"elementor-post__text\">\n\t\t\t\t<h3 class=\"elementor-post__title\">\n\t\t\t<a href=\"https:\/\/advsol.net\/?p=924\">\n\t\t\t\tZoom lan\u00e7a novos recursos focada na melhoria da experi\u00eancia do cliente e no trabalho colaborativo\t\t\t<\/a>\n\t\t<\/h3>\n\t\t\t\t<div class=\"elementor-post__excerpt\">\n\t\t\t<p>Plataforma lan\u00e7a novos recursos empenhada em tornar a videochamada uma experi\u00eancia completa para o trabalho colaborativo e trabalho h\u00edbrido A\u00a0Zoom Video Communications\u00a0lan\u00e7ou novos recursos para<\/p>\n\t\t<\/div>\n\t\t\n\t\t<a class=\"elementor-post__read-more\" href=\"https:\/\/advsol.net\/?p=924\">\n\t\t\tLeia a not\u00edcia\t\t<\/a>\n\n\t\t\t\t<\/div>\n\t\t\t\t<\/article>\n\t\t\t\t<article class=\"elementor-post elementor-grid-item post-920 post type-post status-publish format-standard has-post-thumbnail hentry category-uncategorized\">\n\t\t\t\t<a class=\"elementor-post__thumbnail__link\" href=\"https:\/\/advsol.net\/?p=920\">\n\t\t\t<div class=\"elementor-post__thumbnail\"><img decoding=\"async\" width=\"300\" height=\"181\" src=\"https:\/\/advsol.net\/wp-content\/uploads\/2021\/09\/1509-300x181.jpg\" class=\"attachment-medium size-medium wp-image-923\" alt=\"\" loading=\"lazy\" srcset=\"https:\/\/advsol.net\/wp-content\/uploads\/2021\/09\/1509-300x181.jpg 300w, https:\/\/advsol.net\/wp-content\/uploads\/2021\/09\/1509.jpg 697w\" sizes=\"(max-width: 300px) 100vw, 300px\" \/><\/div>\n\t\t<\/a>\n\t\t\t\t<div class=\"elementor-post__text\">\n\t\t\t\t<h3 class=\"elementor-post__title\">\n\t\t\t<a href=\"https:\/\/advsol.net\/?p=920\">\n\t\t\t\tAp\u00f3s meses de isolamento, comunica\u00e7\u00e3o das equipes se tornou est\u00e1tica e isolada, diz estudo da Microsoft\t\t\t<\/a>\n\t\t<\/h3>\n\t\t\t\t<div class=\"elementor-post__excerpt\">\n\t\t\t<p>Adapta\u00e7\u00e3o ao modelo de trabalho remoto levou trabalhadores a se comunicarem menos e a trabalharem mais A pandemia mudou os h\u00e1bitos dos trabalhadores e o<\/p>\n\t\t<\/div>\n\t\t\n\t\t<a class=\"elementor-post__read-more\" href=\"https:\/\/advsol.net\/?p=920\">\n\t\t\tLeia a not\u00edcia\t\t<\/a>\n\n\t\t\t\t<\/div>\n\t\t\t\t<\/article>\n\t\t\t\t<article class=\"elementor-post elementor-grid-item post-889 post type-post status-publish format-standard has-post-thumbnail hentry category-uncategorized\">\n\t\t\t\t<a class=\"elementor-post__thumbnail__link\" href=\"https:\/\/advsol.net\/?p=889\">\n\t\t\t<div class=\"elementor-post__thumbnail\"><img decoding=\"async\" width=\"300\" height=\"249\" src=\"https:\/\/advsol.net\/wp-content\/uploads\/2021\/08\/WIFI3-300x249.png\" class=\"attachment-medium size-medium wp-image-895\" alt=\"\" loading=\"lazy\" srcset=\"https:\/\/advsol.net\/wp-content\/uploads\/2021\/08\/WIFI3-300x249.png 300w, https:\/\/advsol.net\/wp-content\/uploads\/2021\/08\/WIFI3.png 734w\" sizes=\"(max-width: 300px) 100vw, 300px\" \/><\/div>\n\t\t<\/a>\n\t\t\t\t<div class=\"elementor-post__text\">\n\t\t\t\t<h3 class=\"elementor-post__title\">\n\t\t\t<a href=\"https:\/\/advsol.net\/?p=889\">\n\t\t\t\tWi-fi Corporativo alcance e alta performance\t\t\t<\/a>\n\t\t<\/h3>\n\t\t\t\t<div class=\"elementor-post__excerpt\">\n\t\t\t<p>Voc\u00ea j\u00e1 conhece a solu\u00e7\u00e3o de Wi-fi Corporativo? \u00c9 uma tecnologia de conex\u00e3o e alcance robusta de distribui\u00e7\u00e3o de sinal de longo alcance, alta capacidade<\/p>\n\t\t<\/div>\n\t\t\n\t\t<a class=\"elementor-post__read-more\" href=\"https:\/\/advsol.net\/?p=889\">\n\t\t\tLeia a not\u00edcia\t\t<\/a>\n\n\t\t\t\t<\/div>\n\t\t\t\t<\/article>\n\t\t\t\t<article class=\"elementor-post elementor-grid-item post-883 post type-post status-publish format-standard has-post-thumbnail hentry category-uncategorized\">\n\t\t\t\t<a class=\"elementor-post__thumbnail__link\" href=\"https:\/\/advsol.net\/?p=883\">\n\t\t\t<div class=\"elementor-post__thumbnail\"><img decoding=\"async\" width=\"300\" height=\"281\" src=\"https:\/\/advsol.net\/wp-content\/uploads\/2021\/07\/DDA2-1-300x281.jpg\" class=\"attachment-medium size-medium wp-image-785\" alt=\"\" loading=\"lazy\" srcset=\"https:\/\/advsol.net\/wp-content\/uploads\/2021\/07\/DDA2-1-300x281.jpg 300w, https:\/\/advsol.net\/wp-content\/uploads\/2021\/07\/DDA2-1-768x720.jpg 768w, https:\/\/advsol.net\/wp-content\/uploads\/2021\/07\/DDA2-1.jpg 887w\" sizes=\"(max-width: 300px) 100vw, 300px\" \/><\/div>\n\t\t<\/a>\n\t\t\t\t<div class=\"elementor-post__text\">\n\t\t\t\t<h3 class=\"elementor-post__title\">\n\t\t\t<a href=\"https:\/\/advsol.net\/?p=883\">\n\t\t\t\tTudo o que voc\u00ea precisa saber sobre DDA D\u00e9bito Direto Autorizado\t\t\t<\/a>\n\t\t<\/h3>\n\t\t\t\t<div class=\"elementor-post__excerpt\">\n\t\t\t<p>O DDA ou&nbsp;D\u00c9BITO DIRETO AUTORIZADO \u00e9 o&nbsp;sistema de cobran\u00e7a baseado no envio de boletos eletr\u00f4nicos direto para o banco no qual o correntista possui conta.&nbsp;<\/p>\n\t\t<\/div>\n\t\t\n\t\t<a class=\"elementor-post__read-more\" href=\"https:\/\/advsol.net\/?p=883\">\n\t\t\tLeia a not\u00edcia\t\t<\/a>\n\n\t\t\t\t<\/div>\n\t\t\t\t<\/article>\n\t\t\t\t<article class=\"elementor-post elementor-grid-item post-877 post type-post status-publish format-standard has-post-thumbnail hentry category-uncategorized\">\n\t\t\t\t<a class=\"elementor-post__thumbnail__link\" href=\"https:\/\/advsol.net\/?p=877\">\n\t\t\t<div class=\"elementor-post__thumbnail\"><img decoding=\"async\" width=\"300\" height=\"194\" src=\"https:\/\/advsol.net\/wp-content\/uploads\/2021\/08\/LGPD2-300x194.jpg\" class=\"attachment-medium size-medium wp-image-880\" alt=\"\" loading=\"lazy\" srcset=\"https:\/\/advsol.net\/wp-content\/uploads\/2021\/08\/LGPD2-300x194.jpg 300w, https:\/\/advsol.net\/wp-content\/uploads\/2021\/08\/LGPD2.jpg 622w\" sizes=\"(max-width: 300px) 100vw, 300px\" \/><\/div>\n\t\t<\/a>\n\t\t\t\t<div class=\"elementor-post__text\">\n\t\t\t\t<h3 class=\"elementor-post__title\">\n\t\t\t<a href=\"https:\/\/advsol.net\/?p=877\">\n\t\t\t\t8 atitudes que as empresas devem tomar para entrar em conformidade com a LGPD\t\t\t<\/a>\n\t\t<\/h3>\n\t\t\t\t<div class=\"elementor-post__excerpt\">\n\t\t\t<p>Com nova fase da Lei Geral de Prote\u00e7\u00e3o de Dados iniciada em agosto, neg\u00f3cios precisam revisitar processos para garantir conformidade com a Lei Depois de<\/p>\n\t\t<\/div>\n\t\t\n\t\t<a class=\"elementor-post__read-more\" href=\"https:\/\/advsol.net\/?p=877\">\n\t\t\tLeia a not\u00edcia\t\t<\/a>\n\n\t\t\t\t<\/div>\n\t\t\t\t<\/article>\n\t\t\t\t<\/div>\n\t\t\n\t\t\t\t<div class=\"e-load-more-anchor\" data-page=\"1\" data-max-page=\"6\" data-next-page=\"https:\/\/advsol.net\/index.php?rest_route=%2Fwp%2Fv2%2Fpages%2F897&#038;paged=2\"><\/div>\n\t\t\t\t<nav class=\"elementor-pagination\" aria-label=\"Pagina\u00e7\u00e3o\">\n\t\t\t<span aria-current=\"page\" class=\"page-numbers current\"><span class=\"elementor-screen-only\">P\u00e1gina<\/span>1<\/span>\n<a class=\"page-numbers\" href=\"https:\/\/advsol.net\/index.php\/?paged=2&#038;rest_route=%2Fwp%2Fv2%2Fpages%2F897\"><span class=\"elementor-screen-only\">P\u00e1gina<\/span>2<\/a>\n<a class=\"page-numbers\" href=\"https:\/\/advsol.net\/index.php\/?paged=3&#038;rest_route=%2Fwp%2Fv2%2Fpages%2F897\"><span class=\"elementor-screen-only\">P\u00e1gina<\/span>3<\/a>\n<span class=\"page-numbers dots\">&hellip;<\/span>\n<a class=\"page-numbers\" href=\"https:\/\/advsol.net\/index.php\/?paged=5&#038;rest_route=%2Fwp%2Fv2%2Fpages%2F897\"><span class=\"elementor-screen-only\">P\u00e1gina<\/span>5<\/a>\t\t<\/nav>\n\t\t\t\t<\/div>\n\t\t\t\t<\/div>\n\t\t\t\t\t\t<\/div>\n\t\t\t\t\t<\/div>\n\t\t<\/div>\n\t\t\t\t\t\t\t\t<\/div>\n\t\t\t\t\t<\/div>\n\t\t<\/section>\n\t\t\t\t\t\t\t\t\t<\/div>\n\t\t\t<\/div>\n\t\t\t\t\t<\/div>\n\t\t","protected":false},"excerpt":{"rendered":"<p>Not\u00edcias<\/p>\n","protected":false},"author":1,"featured_media":0,"parent":0,"menu_order":0,"comment_status":"closed","ping_status":"closed","template":"","meta":[],"_links":{"self":[{"href":"https:\/\/advsol.net\/index.php?rest_route=\/wp\/v2\/pages\/897"}],"collection":[{"href":"https:\/\/advsol.net\/index.php?rest_route=\/wp\/v2\/pages"}],"about":[{"href":"https:\/\/advsol.net\/index.php?rest_route=\/wp\/v2\/types\/page"}],"author":[{"embeddable":true,"href":"https:\/\/advsol.net\/index.php?rest_route=\/wp\/v2\/users\/1"}],"replies":[{"embeddable":true,"href":"https:\/\/advsol.net\/index.php?rest_route=%2Fwp%2Fv2%2Fcomments&post=897"}],"version-history":[{"count":3,"href":"https:\/\/advsol.net\/index.php?rest_route=\/wp\/v2\/pages\/897\/revisions"}],"predecessor-version":[{"id":900,"href":"https:\/\/advsol.net\/index.php?rest_route=\/wp\/v2\/pages\/897\/revisions\/900"}],"wp:attachment":[{"href":"https:\/\/advsol.net\/index.php?rest_route=%2Fwp%2Fv2%2Fmedia&parent=897"}],"curies":[{"name":"wp","href":"https:\/\/api.w.org\/{rel}","templated":true}]}}